{"id":786,"date":"2020-05-04T17:07:58","date_gmt":"2020-05-04T15:07:58","guid":{"rendered":"http:\/\/danielakomedera.pl\/?page_id=786"},"modified":"2021-01-31T16:34:27","modified_gmt":"2021-01-31T15:34:27","slug":"omnie","status":"publish","type":"page","link":"https:\/\/danielakomedera.pl\/?page_id=786","title":{"rendered":"O mnie"},"content":{"rendered":"<p><img fetchpriority=\"high\" decoding=\"async\" width=\"683\" height=\"1024\" src=\"http:\/\/danielakomedera.pl\/wp-content\/uploads\/2020\/05\/fot.-Helena-Ganjalyan-683x1024.jpg\" alt=\"\" srcset=\"http:\/\/danielakomedera.pl\/wp-content\/uploads\/2020\/05\/fot.-Helena-Ganjalyan-683x1024.jpg 683w, http:\/\/danielakomedera.pl\/wp-content\/uploads\/2020\/05\/fot.-Helena-Ganjalyan-768x1152.jpg 768w, http:\/\/danielakomedera.pl\/wp-content\/uploads\/2020\/05\/fot.-Helena-Ganjalyan-1024x1536.jpg 1024w, http:\/\/danielakomedera.pl\/wp-content\/uploads\/2020\/05\/fot.-Helena-Ganjalyan.jpg 1365w\" sizes=\"(max-width: 683px) 100vw, 683px\"><\/p>\n<h2>Daniela  Kom\u0119dera &#8211; Mi\u015bkiewicz<\/h2>\n<p align=\"JUSTIFY\">Jestem choreografk\u0105, tancerk\u0105, aktork\u0105. Uko\u0144czy\u0142am PWST w Krakowie, na Wydziale Teatru Ta\u0144ca. W moich pracach \u0142\u0105cz\u0119 taniec, sztuki performatywne, teatr. W swojej praktyce traktuj\u0119 cia\u0142o jako materialny no\u015bnik wsp\u00f3lnotowych wspomnie\u0144, buduj\u0105c na tym relacj\u0119 z drugim cz\u0142owiekiem. Wsp\u00f3\u0142pracowa\u0142am z Joe Alterem, Teatrem Dada von Bzdulow, Lubelskim Teatrem Ta\u0144ca, Agnieszk\u0105 Gli\u0144sk\u0105, Teatrem Amareya, Weronik\u0105 Pelczy\u0144sk\u0105, Kay\u0105 Ko\u0142odziejczyk, Dominik\u0105 Wiak, Maciejem Ku\u017ami\u0144skim, Quan Bui Ngoc, Wojtkiem Mochniejem, Agat\u0105 Dyczko, Kasi\u0105 Kani\u0105, Piotrem Stankiem, Dim\u0105 Grynov, Brianem Michelsem, Jackiem \u0141umi\u0144skim. Wraz z artystami z Niemiec tworz\u0119 kolektyw, w kt\u00f3rym wyprodukowa\u0142am m.in. Heimsuchung\/Nawiedzenie-, otrzymuj\u0105c nagrod\u0119 Z\u0142ota Maska za choreografi\u0119. Jestem stypendystk\u0105 Alternatywnej Akademii Ta\u0144ca Gra\u017cyny Kulczyk w Starym Browarze oraz Ministerstwa Nauki i Szkolnictwa Wy\u017cszego. Spektakl Manhattan, kt\u00f3ry wsp\u00f3\u0142tworz\u0119 z Dominik\u0105 Wiak wygra\u0142 konkurs do puli Polskiej Sieci Ta\u0144ca w 2020 r., konkurs Teatr Polska oraz dosta\u0142 si\u0119 do fina\u0142u Konkursu The Best Off. Wraz z Dmytro Grynovem stworzy\u0142am w 2017 roku spektakl&nbsp;I goI\u014bdeepe\/andence w ramach rezydencji- premiery w Klubie \u017bak w Gda\u0144sku, kt\u00f3ry by\u0142 prezentowany r\u00f3wnie\u017c w ramach Sceny Ta\u0144ca Studio. Spektakl Room 40, w kt\u00f3rym ta\u0144czy\u0142am, w choreografii Macieja Ku\u017ami\u0144skiego otrzyma\u0142 nagrod\u0119 publiczno\u015bci na Polskiej Platformie Ta\u0144ca w 2014r. Jestem wsp\u00f3\u0142tw\u00f3rc\u0105 spektaklu Zrabowali mi sk\u0142adaka, realizowanym w Klubie \u017bak w Gda\u0144sku, prezentowanym na Scenie Ta\u0144ca Studio; Festival Dei Due Mondi; w ramach programu Podziel si\u0119 swoim Talentem w ca\u0142ej Polsce; Teatrze Miniatura, Festiwalu Spacer w Krakowie i innych. Wyst\u0119powa\u0142am na festiwalach w Brazylii, Holandii, Japonii, Grenlandii, Szwecji, Rosji, Niemczech, W\u0142oszech, Austrii, Ukrainie, Gruzji, Bia\u0142orusi i innych.<\/p>\n","protected":false},"excerpt":{"rendered":"<p>Daniela Kom\u0119dera &#8211; Mi\u015bkiewicz Jestem choreografk\u0105, tancerk\u0105, aktork\u0105. Uko\u0144czy\u0142am PWST w Krakowie, na Wydziale Teatru Ta\u0144ca. W moich pracach \u0142\u0105cz\u0119 taniec, sztuki performatywne, teatr. W swojej praktyce traktuj\u0119 cia\u0142o jako materialny no\u015bnik wsp\u00f3lnotowych wspomnie\u0144, buduj\u0105c na tym relacj\u0119 z drugim cz\u0142owiekiem. Wsp\u00f3\u0142pracowa\u0142am z Joe Alterem, Teatrem Dada von Bzdulow, Lubelskim Teatrem Ta\u0144ca, Agnieszk\u0105 Gli\u0144sk\u0105, Teatrem [&hellip;]<\/p>\n","protected":false},"author":1,"featured_media":805,"parent":0,"menu_order":0,"comment_status":"closed","ping_status":"closed","template":"elementor_header_footer","meta":[],"_links":{"self":[{"href":"https:\/\/danielakomedera.pl\/index.php?rest_route=\/wp\/v2\/pages\/786"}],"collection":[{"href":"https:\/\/danielakomedera.pl\/index.php?rest_route=\/wp\/v2\/pages"}],"about":[{"href":"https:\/\/danielakomedera.pl\/index.php?rest_route=\/wp\/v2\/types\/page"}],"author":[{"embeddable":true,"href":"https:\/\/danielakomedera.pl\/index.php?rest_route=\/wp\/v2\/users\/1"}],"replies":[{"embeddable":true,"href":"https:\/\/danielakomedera.pl\/index.php?rest_route=%2Fwp%2Fv2%2Fcomments&post=786"}],"version-history":[{"count":36,"href":"https:\/\/danielakomedera.pl\/index.php?rest_route=\/wp\/v2\/pages\/786\/revisions"}],"predecessor-version":[{"id":1226,"href":"https:\/\/danielakomedera.pl\/index.php?rest_route=\/wp\/v2\/pages\/786\/revisions\/1226"}],"wp:featuredmedia":[{"embeddable":true,"href":"https:\/\/danielakomedera.pl\/index.php?rest_route=\/wp\/v2\/media\/805"}],"wp:attachment":[{"href":"https:\/\/danielakomedera.pl\/index.php?rest_route=%2Fwp%2Fv2%2Fmedia&parent=786"}],"curies":[{"name":"wp","href":"https:\/\/api.w.org\/{rel}","templated":true}]}}