{"id":241,"date":"2016-08-23T06:09:40","date_gmt":"2016-08-23T06:09:40","guid":{"rendered":"http:\/\/themebubble.com\/demo\/adios\/?page_id=241"},"modified":"2020-05-18T16:46:50","modified_gmt":"2020-05-18T14:46:50","slug":"home-9","status":"publish","type":"page","link":"https:\/\/danielakomedera.pl\/","title":{"rendered":"Home 9"},"content":{"rendered":"<section  class=\"section full_stretch_row_content fullwidth pb-60\"><div class=\"row\"><div class=\"wpb_column col-md-12 have-padding\"><div  class=\"top-baner nvg-margin swiper-anime slide-arow poind-closest\"><div class=\"swiper-container top-slider\" data-autoplay=\"0\" data-loop=\"1\" data-speed=\"600\" data-center=\"0\" data-slides-per-view=\"1\"><div class=\"swiper-wrapper\"><div class=\"swiper-slide first-slide\" data-val=\"0\"><div class=\"block-bg\"><div class=\"bg-wrap\"><div class=\"bg\" style=\"background-image:url(https:\/\/danielakomedera.pl\/wp-content\/uploads\/2020\/05\/fot.-Piotr-Fiedorowicz-Audycja-V-choreografia-Kaya-Ko\u0142odziejczyk-scaled.jpg)\"><\/div><div class=\"white-mobile-layer\"><\/div><\/div><div class=\"title-style-1 vertical-align\"><div class=\"sub-title\"><h5 class=\"h5 small-heading\"><\/h5><\/div><h1 class=\"h1 big-heading\"><\/h1><\/div><\/div><\/div><div class=\"swiper-slide \" data-val=\"1\"><div class=\"block-bg\"><div class=\"bg-wrap\"><div class=\"bg\" style=\"background-image:url(https:\/\/danielakomedera.pl\/wp-content\/uploads\/2020\/05\/Manhattan-fot.-Dominik-WI\u0119cek.jpg)\"><\/div><div class=\"white-mobile-layer\"><\/div><\/div><div class=\"title-style-1 vertical-align\"><div class=\"sub-title\"><h5 class=\"h5 small-heading\"><\/h5><\/div><h1 class=\"h1 big-heading\"><\/h1><\/div><\/div><\/div><div class=\"swiper-slide \" data-val=\"2\"><div class=\"block-bg\"><div class=\"bg-wrap\"><div class=\"bg\" style=\"background-image:url(https:\/\/danielakomedera.pl\/wp-content\/uploads\/2020\/05\/jakubszafranski-161-scaled.jpg)\"><\/div><div class=\"white-mobile-layer\"><\/div><\/div><div class=\"title-style-1 vertical-align\"><div class=\"sub-title\"><h5 class=\"h5 small-heading\"><\/h5><\/div><h1 class=\"h1 big-heading\"><\/h1><\/div><\/div><\/div><\/div><div class=\"pagination hidden\"><\/div><\/div><div class=\"slider-number\"><span><\/span>\/<b><\/b><\/div><\/div><\/div><\/div><\/section><section  class=\"section no pt-40 pb-100\"><div class=\"row\"><div class=\"wpb_column col-md-12 have-padding\">      <div class=\"pf-wrapper \">\r\n\r\n        <div class=\"row\">\r\n          \r\n                    <div class=\"col-md-12 col-sm-12\">\r\n            <div class=\"center-filter filters wow zoomIn\" data-wow-delay=\"0.3s\">\r\n              <div class=\"drop-filter\"><span>All <\/span><i class=\"icon-down-open-mini\"><\/i><\/div>\r\n                <ul class=\"filter-mob-list\">\r\n                  <li class=\"active\" data-filter=\"*\">All<\/li>\r\n                                      <li data-filter=\".aktorstwo\">Aktorka<\/li>\r\n                                      <li data-filter=\".choreografia\">Choreografka<\/li>\r\n                                      <li data-filter=\".modeling\">Modelka<\/li>\r\n                                      <li data-filter=\".taniec\">Tancerka<\/li>\r\n                                  <\/ul>\r\n            <\/div>\r\n          <\/div>\r\n          \r\n        <\/div>\r\n\r\n        <div class=\"row ajx-pf-container\">\r\n          <div class=\"izotope-container lightgallery\">\r\n            <div class=\"grid-sizer\"><\/div>\r\n                  <div class=\"item masonry-item pf-item wh-25 modeling\">\r\n        <div class=\"item-drid-size\">\r\n          <img src=\"https:\/\/danielakomedera.pl\/wp-content\/uploads\/2020\/05\/fot.-Kuba-Kami\u0144ski-270x570.jpg\" alt=\"\" class=\"resp-img\">\r\n          <a href=\"https:\/\/danielakomedera.pl\/?portfolio=kuba-kaminski\" class=\"link-wrap  item-hov\"><span><\/span><span><\/span><\/a>\r\n        <\/div>\r\n      <\/div>\r\n            <div class=\"item masonry-item pf-item wh-50 modeling\">\r\n        <div class=\"item-drid-size\">\r\n          <img src=\"https:\/\/danielakomedera.pl\/wp-content\/uploads\/2020\/05\/jakubszafranski-162-570x570.jpg\" alt=\"\" class=\"resp-img\">\r\n          <a href=\"https:\/\/danielakomedera.pl\/?portfolio=w-obiektywie\" class=\"link-wrap  item-hov\"><span><\/span><span><\/span><\/a>\r\n        <\/div>\r\n      <\/div>\r\n            <div class=\"item masonry-item pf-item wh-25 taniec\">\r\n        <div class=\"item-drid-size\">\r\n          <img src=\"https:\/\/danielakomedera.pl\/wp-content\/uploads\/2020\/05\/fot.-Anna-Kulesza-If_Then-na-zdj\u0119ciu-Daniela-Kom\u0119dera-choreo.-Joseph-Alter-270x270.jpg\" alt=\"\" class=\"resp-img\">\r\n          <a href=\"https:\/\/danielakomedera.pl\/?portfolio=if-then\" class=\"link-wrap  item-hov\"><span><\/span><span><\/span><\/a>\r\n        <\/div>\r\n      <\/div>\r\n            <div class=\"item masonry-item pf-item wh-25 choreografia taniec\">\r\n        <div class=\"item-drid-size\">\r\n          <img src=\"https:\/\/danielakomedera.pl\/wp-content\/uploads\/2020\/05\/fot.-Dominik-WI\u0119cek-Manhattansmall2-270x270.jpg\" alt=\"\" class=\"resp-img\">\r\n          <a href=\"https:\/\/danielakomedera.pl\/?portfolio=manhattan\" class=\"link-wrap  item-hov\"><span><\/span><span><\/span><\/a>\r\n        <\/div>\r\n      <\/div>\r\n            <div class=\"item masonry-item pf-item wh-25 aktorstwo taniec\">\r\n        <div class=\"item-drid-size\">\r\n          <img src=\"https:\/\/danielakomedera.pl\/wp-content\/uploads\/2020\/05\/2fot.-Krzyszto-Bieli\u0144ski-Halka-wile\u0144ska-270x570.jpg\" alt=\"\" class=\"resp-img\">\r\n          <a href=\"https:\/\/danielakomedera.pl\/?portfolio=halka\" class=\"link-wrap  item-hov\"><span><\/span><span><\/span><\/a>\r\n        <\/div>\r\n      <\/div>\r\n            <div class=\"item masonry-item pf-item wh-50 taniec\">\r\n        <div class=\"item-drid-size\">\r\n          <img src=\"https:\/\/danielakomedera.pl\/wp-content\/uploads\/2020\/05\/fot.-Rober-Siwek-Black-is-the-colour-na-zdj\u0119ciu-Daniela-Kom\u0119dera-Mi\u015bkiewicz-choreo.-Quan-Bui-Ngoc-570x570.jpg\" alt=\"\" class=\"resp-img\">\r\n          <a href=\"https:\/\/danielakomedera.pl\/?portfolio=black-is-the-colour\" class=\"link-wrap  item-hov\"><span><\/span><span><\/span><\/a>\r\n        <\/div>\r\n      <\/div>\r\n            <div class=\"item masonry-item pf-item wh-25 modeling\">\r\n        <div class=\"item-drid-size\">\r\n          <img src=\"https:\/\/danielakomedera.pl\/wp-content\/uploads\/2020\/05\/fot.-Helena-Ganjalyan-3-270x270.jpg\" alt=\"\" class=\"resp-img\">\r\n          <a href=\"https:\/\/danielakomedera.pl\/?portfolio=helena-ganjalyan\" class=\"link-wrap  item-hov\"><span><\/span><span><\/span><\/a>\r\n        <\/div>\r\n      <\/div>\r\n            <div class=\"item masonry-item pf-item wh-25 aktorstwo\">\r\n        <div class=\"item-drid-size\">\r\n          <img src=\"https:\/\/danielakomedera.pl\/wp-content\/uploads\/2016\/08\/robo-i-osobo-na-zdj\u0119ciu-Aleksandra-Bednarz-Daniela-Kom\u0119dera-Mi\u015bkiewicz-re\u017c-Agata-Dyczko-270x270.jpg\" alt=\"\" class=\"resp-img\">\r\n          <a href=\"https:\/\/danielakomedera.pl\/?portfolio=robo-i-osobo\" class=\"link-wrap  item-hov\"><span><\/span><span><\/span><\/a>\r\n        <\/div>\r\n      <\/div>\r\n            <div class=\"item masonry-item pf-item wh-25 aktorstwo\">\r\n        <div class=\"item-drid-size\">\r\n          <img src=\"https:\/\/danielakomedera.pl\/wp-content\/uploads\/2016\/06\/Fot.-Kamila-Szuba-re\u017c.-Agata-Dyczko-Zatoka-suma-na-zdj\u0119ciu-Daniela-Kom\u0119dera-Mi\u015bkiewicz-obsada-D.-Kom\u0119dera-M-Lena-Schimscheiner-Marcin-Sztendel-Helena-Ganjalyan-270x570.jpg\" alt=\"\" class=\"resp-img\">\r\n          <a href=\"https:\/\/danielakomedera.pl\/?portfolio=zatokasuma\" class=\"link-wrap  item-hov\"><span><\/span><span><\/span><\/a>\r\n        <\/div>\r\n      <\/div>\r\n            <div class=\"item masonry-item pf-item wh-50 taniec\">\r\n        <div class=\"item-drid-size\">\r\n          <img src=\"https:\/\/danielakomedera.pl\/wp-content\/uploads\/2020\/05\/przejscia-570x570.jpg\" alt=\"\" class=\"resp-img\">\r\n          <a href=\"https:\/\/danielakomedera.pl\/?portfolio=przejscia\" class=\"link-wrap  item-hov\"><span><\/span><span><\/span><\/a>\r\n        <\/div>\r\n      <\/div>\r\n            <div class=\"item masonry-item pf-item wh-25 choreografia taniec\">\r\n        <div class=\"item-drid-size\">\r\n          <img src=\"https:\/\/danielakomedera.pl\/wp-content\/uploads\/2016\/08\/fot.-Micha\u0142-Dolny-na-zdj\u0119ciu-Daniela-Kom\u0119dera-Mi\u015bkiewicz-Dima-Grynov-270x270.jpg\" alt=\"\" class=\"resp-img\">\r\n          <a href=\"https:\/\/danielakomedera.pl\/?portfolio=i-goindeepe-andence\" class=\"link-wrap  item-hov\"><span><\/span><span><\/span><\/a>\r\n        <\/div>\r\n      <\/div>\r\n            <div class=\"item masonry-item pf-item wh-25 taniec\">\r\n        <div class=\"item-drid-size\">\r\n          <img src=\"https:\/\/danielakomedera.pl\/wp-content\/uploads\/2020\/05\/Personal-spring-re\u017c.-Olga-Kebas-fot.-Maciej-Rukasz-na-zdj\u0119ciu-Daniela-Komedera-Mi\u015bkiewicz-270x270.jpg\" alt=\"\" class=\"resp-img\">\r\n          <a href=\"https:\/\/danielakomedera.pl\/?portfolio=personal-spring\" class=\"link-wrap  item-hov\"><span><\/span><span><\/span><\/a>\r\n        <\/div>\r\n      <\/div>\r\n            <div class=\"item masonry-item pf-item wh-25 taniec\">\r\n        <div class=\"item-drid-size\">\r\n          <img src=\"https:\/\/danielakomedera.pl\/wp-content\/uploads\/2016\/08\/fot.-Piotr_Fiedorowicz-na-zdjeciu-Daniela-Komdedera-Audycja-V-re\u017c.-Kaya-Ko\u0142odziejczyk-270x467.jpg\" alt=\"\" class=\"resp-img\">\r\n          <a href=\"https:\/\/danielakomedera.pl\/?portfolio=audycjav\" class=\"link-wrap  item-hov\"><span><\/span><span><\/span><\/a>\r\n        <\/div>\r\n      <\/div>\r\n            <div class=\"item masonry-item pf-item wh-50 choreografia\">\r\n        <div class=\"item-drid-size\">\r\n          <img src=\"https:\/\/danielakomedera.pl\/wp-content\/uploads\/2020\/05\/Wiele-ha\u0142asu-o-nic-re\u017c.-Brian-Michels-choreo.-Daniela-Kom\u0119dera-Mi\u015bkiewicz-na-zdj\u0119ciu-studenci-PWST-WTTDurban-University-of-TechnologyUniversity-of-Melbourne-AustraliaFolkwang-University-of-the-Arts-570x570.jpg\" alt=\"\" class=\"resp-img\">\r\n          <a href=\"https:\/\/danielakomedera.pl\/?portfolio=wiele-halasu-o-nic\" class=\"link-wrap  item-hov\"><span><\/span><span><\/span><\/a>\r\n        <\/div>\r\n      <\/div>\r\n            <div class=\"item masonry-item pf-item wh-25 taniec\">\r\n        <div class=\"item-drid-size\">\r\n          <img src=\"https:\/\/danielakomedera.pl\/wp-content\/uploads\/2020\/05\/fot.-Andrzej-Janikowski-Kantor-Tropy-Collage-na-zdj\u0119ciu-Daniela-Kom\u0119dera-Kae-Ishimoto-re\u017c.-Kasia-Pastuszak-1-270x270.jpg\" alt=\"\" class=\"resp-img\">\r\n          <a href=\"https:\/\/danielakomedera.pl\/?portfolio=kantor-tropy-collage\" class=\"link-wrap  item-hov\"><span><\/span><span><\/span><\/a>\r\n        <\/div>\r\n      <\/div>\r\n            <div class=\"item masonry-item pf-item wh-25 taniec\">\r\n        <div class=\"item-drid-size\">\r\n          <img src=\"https:\/\/danielakomedera.pl\/wp-content\/uploads\/2020\/05\/Transmigrazione-di-fermenti-d-amore-na-zdj\u0119ciu-Kasia-Chmielewska-Daniela-Kom\u0119dera-270x270.jpg\" alt=\"\" class=\"resp-img\">\r\n          <a href=\"https:\/\/danielakomedera.pl\/?portfolio=transmigrazione-di-fermenti-damore\" class=\"link-wrap  item-hov\"><span><\/span><span><\/span><\/a>\r\n        <\/div>\r\n      <\/div>\r\n            <div class=\"item masonry-item pf-item wh-25 taniec\">\r\n        <div class=\"item-drid-size\">\r\n          <img src=\"https:\/\/danielakomedera.pl\/wp-content\/uploads\/2020\/05\/fot.-Katarzyna-Machniewicz-choreo._Maciej-Kuzminski_RoznicaiPowtorzenie-na-zdj\u0119ciu-Agnieszka-Bednarz-Daniela-Kom\u0119dera-Mi\u015bkiewicz-270x570.jpg\" alt=\"\" class=\"resp-img\">\r\n          <a href=\"https:\/\/danielakomedera.pl\/?portfolio=powtorzenie\" class=\"link-wrap  item-hov\"><span><\/span><span><\/span><\/a>\r\n        <\/div>\r\n      <\/div>\r\n            <div class=\"item masonry-item pf-item wh-50 taniec\">\r\n        <div class=\"item-drid-size\">\r\n          <img src=\"https:\/\/danielakomedera.pl\/wp-content\/uploads\/2020\/05\/fot.-Katarzyna-Machniewicz-spektakl-Room-40-choreo.-Maciej-Ku\u017ami\u0144ski-na-zdj\u0119ciu-Daniela-Kom\u0119dera-570x570.jpg\" alt=\"\" class=\"resp-img\">\r\n          <a href=\"https:\/\/danielakomedera.pl\/?portfolio=room40\" class=\"link-wrap  item-hov\"><span><\/span><span><\/span><\/a>\r\n        <\/div>\r\n      <\/div>\r\n            <div class=\"item masonry-item pf-item wh-25 choreografia taniec\">\r\n        <div class=\"item-drid-size\">\r\n          <img src=\"https:\/\/danielakomedera.pl\/wp-content\/uploads\/2016\/08\/fot.-Pawe\u0142-Wyszomirski-na-zdj\u0119ciu-Daniela-Kom\u0119dera-Zrabowali-mi-sk\u0142adaka-270x270.jpg\" alt=\"\" class=\"resp-img\">\r\n          <a href=\"https:\/\/danielakomedera.pl\/?portfolio=zrabowali-mi-skladaka\" class=\"link-wrap  item-hov\"><span><\/span><span><\/span><\/a>\r\n        <\/div>\r\n      <\/div>\r\n            <div class=\"item masonry-item pf-item wh-25 taniec\">\r\n        <div class=\"item-drid-size\">\r\n          <img src=\"https:\/\/danielakomedera.pl\/wp-content\/uploads\/2020\/04\/fot.-Matti-Aikio-na-zdj\u0119ciu-Katarzyna-Pastuszak-Daniela-Kom\u0119dera-Nomadka-1-270x270.jpg\" alt=\"\" class=\"resp-img\">\r\n          <a href=\"https:\/\/danielakomedera.pl\/?portfolio=nomadka\" class=\"link-wrap  item-hov\"><span><\/span><span><\/span><\/a>\r\n        <\/div>\r\n      <\/div>\r\n            <div class=\"item masonry-item pf-item wh-25 choreografia\">\r\n        <div class=\"item-drid-size\">\r\n          <img src=\"https:\/\/danielakomedera.pl\/wp-content\/uploads\/2020\/04\/Jak-Wam-si\u0119-podoba-re\u017c.-Brian-Michels-fot.-Bartek-Barczyk-na-zdj\u0119ciu-Jan-Lorys-270x570.jpg\" alt=\"\" class=\"resp-img\">\r\n          <a href=\"https:\/\/danielakomedera.pl\/?portfolio=jak-wam-sie-podoba\" class=\"link-wrap  item-hov\"><span><\/span><span><\/span><\/a>\r\n        <\/div>\r\n      <\/div>\r\n      \r\n          <\/div>\r\n        <\/div>\r\n        \r\n      <\/div>\r\n      [vc_empty_space][vc_empty_space][vc_text_separator title=&#8221;PARTNERZY&#8221;]<div  class=\"swiper-container poind-closest\" data-autoplay=\"PARTNERZY\" data-loop=\"0\" data-speed=\"1000\" data-center=\"0\" data-slides-per-view=\"responsive\" data-xs-slides=\"2\" data-sm-slides=\"4\" data-md-slides=\"5\" data-lg-slides=\"5\" data-add-slides=\"5\"><div class=\"swiper-wrapper\"><div class=\"swiper-slide\"><div class=\"logo-item wow zoomIn\" data-wow-delay=\"0.2s\"><img src=\"https:\/\/danielakomedera.pl\/wp-content\/uploads\/2020\/05\/999.jpg\" alt=\"\"><\/div><\/div><div class=\"swiper-slide\"><div class=\"logo-item wow zoomIn\" data-wow-delay=\"0.4s\"><img src=\"https:\/\/danielakomedera.pl\/wp-content\/uploads\/2020\/05\/9991.jpg\" alt=\"\"><\/div><\/div><div class=\"swiper-slide\"><div class=\"logo-item wow zoomIn\" data-wow-delay=\"0.6s\"><img src=\"https:\/\/danielakomedera.pl\/wp-content\/uploads\/2020\/05\/6.jpg\" alt=\"\"><\/div><\/div><div class=\"swiper-slide\"><div class=\"logo-item wow zoomIn\" data-wow-delay=\"0.8s\"><img src=\"https:\/\/danielakomedera.pl\/wp-content\/uploads\/2020\/05\/4.jpg\" alt=\"\"><\/div><\/div><div class=\"swiper-slide\"><div class=\"logo-item wow zoomIn\" data-wow-delay=\"1s\"><img src=\"https:\/\/danielakomedera.pl\/wp-content\/uploads\/2020\/05\/994.jpg\" alt=\"\"><\/div><\/div><div class=\"swiper-slide\"><div class=\"logo-item wow zoomIn\" data-wow-delay=\"1.2s\"><img src=\"https:\/\/danielakomedera.pl\/wp-content\/uploads\/2020\/05\/996.jpg\" alt=\"\"><\/div><\/div><div class=\"swiper-slide\"><div class=\"logo-item wow zoomIn\" data-wow-delay=\"1.4s\"><img src=\"https:\/\/danielakomedera.pl\/wp-content\/uploads\/2020\/05\/2.jpg\" alt=\"\"><\/div><\/div><div class=\"swiper-slide\"><div class=\"logo-item wow zoomIn\" data-wow-delay=\"1.6s\"><img src=\"https:\/\/danielakomedera.pl\/wp-content\/uploads\/2020\/05\/998.jpg\" alt=\"\"><\/div><\/div><div class=\"swiper-slide\"><div class=\"logo-item wow zoomIn\" data-wow-delay=\"1.8s\"><img src=\"https:\/\/danielakomedera.pl\/wp-content\/uploads\/2020\/05\/7.jpg\" alt=\"\"><\/div><\/div><div class=\"swiper-slide\"><div class=\"logo-item wow zoomIn\" data-wow-delay=\"2s\"><img src=\"https:\/\/danielakomedera.pl\/wp-content\/uploads\/2020\/05\/993.jpg\" alt=\"\"><\/div><\/div><div class=\"swiper-slide\"><div class=\"logo-item wow zoomIn\" data-wow-delay=\"2.2s\"><img src=\"https:\/\/danielakomedera.pl\/wp-content\/uploads\/2020\/05\/5.jpg\" alt=\"\"><\/div><\/div><div class=\"swiper-slide\"><div class=\"logo-item wow zoomIn\" data-wow-delay=\"2.4s\"><img src=\"https:\/\/danielakomedera.pl\/wp-content\/uploads\/2020\/05\/99.jpg\" alt=\"\"><\/div><\/div><div class=\"swiper-slide\"><div class=\"logo-item wow zoomIn\" data-wow-delay=\"2.6s\"><img src=\"https:\/\/danielakomedera.pl\/wp-content\/uploads\/2020\/05\/992.jpg\" alt=\"\"><\/div><\/div><div class=\"swiper-slide\"><div class=\"logo-item wow zoomIn\" data-wow-delay=\"2.8s\"><img src=\"https:\/\/danielakomedera.pl\/wp-content\/uploads\/2020\/05\/9.jpg\" alt=\"\"><\/div><\/div><div class=\"swiper-slide\"><div class=\"logo-item wow zoomIn\" data-wow-delay=\"3s\"><img src=\"https:\/\/danielakomedera.pl\/wp-content\/uploads\/2020\/05\/1.jpg\" alt=\"\"><\/div><\/div><div class=\"swiper-slide\"><div class=\"logo-item wow zoomIn\" data-wow-delay=\"3.2s\"><img src=\"https:\/\/danielakomedera.pl\/wp-content\/uploads\/2020\/05\/995.jpg\" alt=\"\"><\/div><\/div><div class=\"swiper-slide\"><div class=\"logo-item wow zoomIn\" data-wow-delay=\"3.4s\"><img src=\"https:\/\/danielakomedera.pl\/wp-content\/uploads\/2020\/05\/9992.jpg\" alt=\"\"><\/div><\/div><div class=\"swiper-slide\"><div class=\"logo-item wow zoomIn\" data-wow-delay=\"3.6s\"><img src=\"https:\/\/danielakomedera.pl\/wp-content\/uploads\/2020\/05\/3.jpg\" alt=\"\"><\/div><\/div><div class=\"swiper-slide\"><div class=\"logo-item wow zoomIn\" data-wow-delay=\"3.8s\"><img src=\"https:\/\/danielakomedera.pl\/wp-content\/uploads\/2020\/05\/997.jpg\" alt=\"\"><\/div><\/div><div class=\"swiper-slide\"><div class=\"logo-item wow zoomIn\" data-wow-delay=\"4s\"><img src=\"https:\/\/danielakomedera.pl\/wp-content\/uploads\/2020\/05\/8.jpg\" alt=\"\"><\/div><\/div><div class=\"swiper-slide\"><div class=\"logo-item wow zoomIn\" data-wow-delay=\"4.2s\"><img src=\"https:\/\/danielakomedera.pl\/wp-content\/uploads\/2020\/05\/991.jpg\" alt=\"\"><\/div><\/div><\/div><div class=\"pagination hidden\"><\/div><\/div><\/div><\/div><\/section><section  class=\"section no\"><div class=\"row\"><div class=\"wpb_column col-md-12 have-padding\"><\/div><\/div><\/section>\n","protected":false},"excerpt":{"rendered":"\"Jak wam si\u0119 podoba\" jest dwucz\u0119\u015bciowym spektaklem dyplomowym student\u00f3w czwartego roku Wydzia\u0142u Teatru Ta\u0144ca w Bytomiu w re\u017cyserii Briana Michaelsa, brytyjskiego re\u017cysera teatralnego i operowego, kt\u00f3rego tw\u00f3rczo\u015b\u0107 cechuje si\u0119 ponadczasowym spojrzeniem na klasyk\u0119. Michaels przygotowa\u0142 dwie produkcje, kt\u00f3re zostan\u0105 wystawione jedna po drugiej \u2013 jedn\u0105 m\u0119sk\u0105, drug\u0105 \u017ce\u0144sk\u0105. \u00a0Nie ma \u017cadnej innej sztuki w literaturze [...]","protected":false},"author":1,"featured_media":0,"parent":0,"menu_order":0,"comment_status":"closed","ping_status":"closed","template":"","meta":[],"_links":{"self":[{"href":"https:\/\/danielakomedera.pl\/index.php?rest_route=\/wp\/v2\/pages\/241"}],"collection":[{"href":"https:\/\/danielakomedera.pl\/index.php?rest_route=\/wp\/v2\/pages"}],"about":[{"href":"https:\/\/danielakomedera.pl\/index.php?rest_route=\/wp\/v2\/types\/page"}],"author":[{"embeddable":true,"href":"https:\/\/danielakomedera.pl\/index.php?rest_route=\/wp\/v2\/users\/1"}],"replies":[{"embeddable":true,"href":"https:\/\/danielakomedera.pl\/index.php?rest_route=%2Fwp%2Fv2%2Fcomments&post=241"}],"version-history":[{"count":38,"href":"https:\/\/danielakomedera.pl\/index.php?rest_route=\/wp\/v2\/pages\/241\/revisions"}],"predecessor-version":[{"id":1204,"href":"https:\/\/danielakomedera.pl\/index.php?rest_route=\/wp\/v2\/pages\/241\/revisions\/1204"}],"wp:attachment":[{"href":"https:\/\/danielakomedera.pl\/index.php?rest_route=%2Fwp%2Fv2%2Fmedia&parent=241"}],"curies":[{"name":"wp","href":"https:\/\/api.w.org\/{rel}","templated":true}]}}